{"id":791,"date":"2024-07-03T14:40:35","date_gmt":"2024-07-03T17:40:35","guid":{"rendered":"https:\/\/projetodiariamentemeamando.com\/?page_id=791"},"modified":"2024-08-19T09:07:05","modified_gmt":"2024-08-19T12:07:05","slug":"desafio-para-perda-de-peso-e-controle-de-ansiedade-estrutura-do-desafio","status":"publish","type":"page","link":"https:\/\/projetodiariamentemeamando.com\/index.php\/pagina-exemplo\/educadorasfisicas\/aulas-particulares-de-mat-pilates-e-yoga\/desafio-para-perda-de-peso-e-controle-de-ansiedade-estrutura-do-desafio\/","title":{"rendered":"Desafio para perda de peso e controle de ansiedade &#8211; Estrutura do Desafio"},"content":{"rendered":"\t\t<div data-elementor-type=\"wp-page\" data-elementor-id=\"791\" class=\"elementor elementor-791\">\n\t\t\t\t<div class=\"elementor-element elementor-element-2baaf9a e-flex e-con-boxed e-con e-parent\" data-id=\"2baaf9a\" data-element_type=\"container\" data-e-type=\"container\">\n\t\t\t\t\t<div class=\"e-con-inner\">\n\t\t\t\t<div class=\"elementor-element elementor-element-fef375e elementor-widget elementor-widget-heading\" data-id=\"fef375e\" data-element_type=\"widget\" data-e-type=\"widget\" data-widget_type=\"heading.default\">\n\t\t\t\t<div class=\"elementor-widget-container\">\n\t\t\t\t\t<h2 class=\"elementor-heading-title elementor-size-default\">Desafio para perda de peso e controle <br>de ansiedade - Estrutura do Desafio<\/h2>\t\t\t\t<\/div>\n\t\t\t\t<\/div>\n\t\t\t\t<div class=\"elementor-element elementor-element-114429c elementor-widget-divider--separator-type-pattern elementor-widget-divider--view-line elementor-widget elementor-widget-divider\" data-id=\"114429c\" data-element_type=\"widget\" data-e-type=\"widget\" data-widget_type=\"divider.default\">\n\t\t\t\t<div class=\"elementor-widget-container\">\n\t\t\t\t\t\t\t<div class=\"elementor-divider\" style=\"--divider-pattern-url: url(&quot;data:image\/svg+xml,%3Csvg xmlns=&#039;http:\/\/www.w3.org\/2000\/svg&#039; preserveAspectRatio=&#039;none&#039; overflow=&#039;visible&#039; height=&#039;100%&#039; viewBox=&#039;0 0 24 24&#039; fill=&#039;none&#039; stroke=&#039;black&#039; stroke-width=&#039;2.5&#039; stroke-linecap=&#039;square&#039; stroke-miterlimit=&#039;10&#039;%3E%3Cpath d=&#039;M0,6c6,0,6,13,12,13S18,6,24,6&#039;\/%3E%3C\/svg%3E&quot;);\">\n\t\t\t<span class=\"elementor-divider-separator\">\n\t\t\t\t\t\t<\/span>\n\t\t<\/div>\n\t\t\t\t\t\t<\/div>\n\t\t\t\t<\/div>\n\t\t\t\t<div class=\"elementor-element elementor-element-ec8f347 elementor-widget elementor-widget-text-editor\" data-id=\"ec8f347\" data-element_type=\"widget\" data-e-type=\"widget\" data-widget_type=\"text-editor.default\">\n\t\t\t\t<div class=\"elementor-widget-container\">\n\t\t\t\t\t\t\t\t\t<h4><b>DURA\u00c7\u00c3O E METODOLOGIA<\/b><\/h4><p><span style=\"font-weight: 400;\">Nosso desafio foi cuidadosamente estruturado para durar 30 dias, um per\u00edodo ideal para que voc\u00ea possa adotar novos h\u00e1bitos saud\u00e1veis e observar mudan\u00e7as significativas em seu bem-estar. Durante esse m\u00eas, voc\u00ea ser\u00e1 guiada por uma metodologia comprovada, que combina pr\u00e1ticas de autoconhecimento, exerc\u00edcios f\u00edsicos, e uma alimenta\u00e7\u00e3o equilibrada. Cada semana ser\u00e1 dedicada a um tema espec\u00edfico, com atividades e reflex\u00f5es que se complementam, garantindo um progresso cont\u00ednuo e sustent\u00e1vel.<\/span><\/p><h4><b>ENVIO DE TAREFAS DI\u00c1RIAS VIA WHATSAPP<\/b><\/h4><p><span style=\"font-weight: 400;\">Para manter voc\u00ea motivada e engajada, enviaremos tarefas di\u00e1rias diretamente pelo WhatsApp. Essas tarefas incluir\u00e3o exerc\u00edcios, medita\u00e7\u00f5es, dicas de bem-estar e desafios que ajudar\u00e3o a consolidar os novos h\u00e1bitos. Al\u00e9m disso, voc\u00ea receber\u00e1 mensagens inspiradoras e lembretes para manter o foco e a determina\u00e7\u00e3o ao longo do dia. A comunica\u00e7\u00e3o via WhatsApp permite um acompanhamento mais pr\u00f3ximo e personalizado, facilitando o suporte e a intera\u00e7\u00e3o entre todas as participantes.<\/span><\/p><h4><b>IMPORT\u00c2NCIA DE SEGUIR O CRONOGRAMA<\/b><\/h4><p><span style=\"font-weight: 400;\">Seguir o cronograma proposto \u00e9 crucial para obter os melhores resultados. Cada atividade foi planejada para se encaixar perfeitamente no seu dia a dia, sem sobrecarregar sua rotina. A consist\u00eancia \u00e9 a chave para o sucesso; ao dedicar um tempo di\u00e1rio para as tarefas, voc\u00ea estar\u00e1 investindo em si e no seu bem-estar. Lembre-se de que pequenas a\u00e7\u00f5es di\u00e1rias podem levar a grandes transforma\u00e7\u00f5es. Ao seguir o cronograma, voc\u00ea n\u00e3o apenas alcan\u00e7ar\u00e1 suas metas de sa\u00fade e bem-estar, mas tamb\u00e9m desenvolver\u00e1 uma rela\u00e7\u00e3o mais profunda e amorosa consigo mesma.<\/span><\/p><p><span style=\"font-weight: 400;\">\u00a0<\/span><\/p>\t\t\t\t\t\t\t\t<\/div>\n\t\t\t\t<\/div>\n\t\t\t\t\t<\/div>\n\t\t\t\t<\/div>\n\t\t<div class=\"elementor-element elementor-element-e7e2b11 e-flex e-con-boxed e-con e-parent\" data-id=\"e7e2b11\" data-element_type=\"container\" data-e-type=\"container\" data-settings=\"{&quot;background_background&quot;:&quot;classic&quot;}\">\n\t\t\t\t\t<div class=\"e-con-inner\">\n\t\t\t\t<div class=\"elementor-element elementor-element-a9f87b0 elementor-widget elementor-widget-heading\" data-id=\"a9f87b0\" data-element_type=\"widget\" data-e-type=\"widget\" data-widget_type=\"heading.default\">\n\t\t\t\t<div class=\"elementor-widget-container\">\n\t\t\t\t\t<h2 class=\"elementor-heading-title elementor-size-default\">Lembre-se sempre de que:\n<\/h2>\t\t\t\t<\/div>\n\t\t\t\t<\/div>\n\t\t\t\t<div class=\"elementor-element elementor-element-32ad8cf elementor-widget-divider--separator-type-pattern elementor-widget-divider--view-line elementor-widget elementor-widget-divider\" data-id=\"32ad8cf\" data-element_type=\"widget\" data-e-type=\"widget\" data-widget_type=\"divider.default\">\n\t\t\t\t<div class=\"elementor-widget-container\">\n\t\t\t\t\t\t\t<div class=\"elementor-divider\" style=\"--divider-pattern-url: url(&quot;data:image\/svg+xml,%3Csvg xmlns=&#039;http:\/\/www.w3.org\/2000\/svg&#039; preserveAspectRatio=&#039;none&#039; overflow=&#039;visible&#039; height=&#039;100%&#039; viewBox=&#039;0 0 24 24&#039; fill=&#039;none&#039; stroke=&#039;black&#039; stroke-width=&#039;2.5&#039; stroke-linecap=&#039;square&#039; stroke-miterlimit=&#039;10&#039;%3E%3Cpath d=&#039;M0,6c6,0,6,13,12,13S18,6,24,6&#039;\/%3E%3C\/svg%3E&quot;);\">\n\t\t\t<span class=\"elementor-divider-separator\">\n\t\t\t\t\t\t<\/span>\n\t\t<\/div>\n\t\t\t\t\t\t<\/div>\n\t\t\t\t<\/div>\n\t\t\t\t\t<\/div>\n\t\t\t\t<\/div>\n\t\t<div class=\"elementor-element elementor-element-e05632f e-flex e-con-boxed e-con e-parent\" data-id=\"e05632f\" data-element_type=\"container\" data-e-type=\"container\">\n\t\t\t\t\t<div class=\"e-con-inner\">\n\t\t\t\t<div class=\"elementor-element elementor-element-662556a elementor-widget elementor-widget-text-editor\" data-id=\"662556a\" data-element_type=\"widget\" data-e-type=\"widget\" data-widget_type=\"text-editor.default\">\n\t\t\t\t<div class=\"elementor-widget-container\">\n\t\t\t\t\t\t\t\t\t<p>Primeiramente, quero parabenizar cada uma de voc\u00eas por terem dado esse passo corajoso em dire\u00e7\u00e3o a uma vida mais saud\u00e1vel e equilibrada. Voc\u00eas j\u00e1 s\u00e3o vencedoras por estarem aqui, prontas para transformar suas vidas e alcan\u00e7ar seus objetivos.<\/p><p>Lembrem-se de que este desafio \u00e9 mais do que apenas uma jornada f\u00edsica; \u00e9 uma oportunidade para se reconectar com sua ess\u00eancia, fortalecer sua mente e nutrir seu esp\u00edrito. Cada exerc\u00edcio, cada medita\u00e7\u00e3o, cada momento dedicado a voc\u00eas mesmas \u00e9 um ato de amor pr\u00f3prio e empoderamento.<\/p><p>Sei que haver\u00e1 dias dif\u00edceis, momentos em que a d\u00favida e o des\u00e2nimo podem surgir. Nesses momentos, lembrem-se do porqu\u00ea come\u00e7aram. Pensem nos benef\u00edcios que est\u00e3o buscando: o controle do peso, a redu\u00e7\u00e3o da ansiedade, a sensa\u00e7\u00e3o de bem-estar e a alegria de se sentir bem consigo mesmas.<\/p><p>Voc\u00eas n\u00e3o est\u00e3o sozinhas nessa jornada. Somos uma comunidade forte e apoiadora, e estamos aqui para encorajar umas \u00e0s outras a cada passo do caminho. Juntas, somos mais fortes!<\/p><p>Acreditem no seu potencial, confiem no processo e celebrem cada pequena vit\u00f3ria. Voc\u00eas s\u00e3o capazes de alcan\u00e7ar tudo o que desejam e muito mais.<\/p><p>Vamos fazer deste desafio uma experi\u00eancia transformadora e inesquec\u00edvel!<\/p>\t\t\t\t\t\t\t\t<\/div>\n\t\t\t\t<\/div>\n\t\t\t\t\t<\/div>\n\t\t\t\t<\/div>\n\t\t<div class=\"elementor-element elementor-element-613ff37 e-flex e-con-boxed e-con e-parent\" data-id=\"613ff37\" data-element_type=\"container\" data-e-type=\"container\">\n\t\t\t\t\t<div class=\"e-con-inner\">\n\t\t\t\t<div class=\"elementor-element elementor-element-2f37d3f elementor-widget elementor-widget-heading\" data-id=\"2f37d3f\" data-element_type=\"widget\" data-e-type=\"widget\" data-widget_type=\"heading.default\">\n\t\t\t\t<div class=\"elementor-widget-container\">\n\t\t\t\t\t<h2 class=\"elementor-heading-title elementor-size-default\">Nossas profissionais<\/h2>\t\t\t\t<\/div>\n\t\t\t\t<\/div>\n\t\t\t\t<div class=\"elementor-element elementor-element-c2751ac elementor-widget-divider--separator-type-pattern elementor-widget-divider--view-line elementor-widget elementor-widget-divider\" data-id=\"c2751ac\" data-element_type=\"widget\" data-e-type=\"widget\" data-widget_type=\"divider.default\">\n\t\t\t\t<div class=\"elementor-widget-container\">\n\t\t\t\t\t\t\t<div class=\"elementor-divider\" style=\"--divider-pattern-url: url(&quot;data:image\/svg+xml,%3Csvg xmlns=&#039;http:\/\/www.w3.org\/2000\/svg&#039; preserveAspectRatio=&#039;none&#039; overflow=&#039;visible&#039; height=&#039;100%&#039; viewBox=&#039;0 0 24 24&#039; fill=&#039;none&#039; stroke=&#039;black&#039; stroke-width=&#039;2.5&#039; stroke-linecap=&#039;square&#039; stroke-miterlimit=&#039;10&#039;%3E%3Cpath d=&#039;M0,6c6,0,6,13,12,13S18,6,24,6&#039;\/%3E%3C\/svg%3E&quot;);\">\n\t\t\t<span class=\"elementor-divider-separator\">\n\t\t\t\t\t\t<\/span>\n\t\t<\/div>\n\t\t\t\t\t\t<\/div>\n\t\t\t\t<\/div>\n\t\t<div class=\"elementor-element elementor-element-6c791a5 e-grid e-con-full elementor-invisible e-con e-child\" data-id=\"6c791a5\" data-element_type=\"container\" data-e-type=\"container\" data-settings=\"{&quot;animation&quot;:&quot;fadeInUp&quot;}\">\n\t\t<div class=\"elementor-element elementor-element-cc24bf2 e-flex e-con-boxed e-con e-child\" data-id=\"cc24bf2\" data-element_type=\"container\" data-e-type=\"container\" data-settings=\"{&quot;background_background&quot;:&quot;classic&quot;}\">\n\t\t\t\t\t<div class=\"e-con-inner\">\n\t\t\t\t<div class=\"elementor-element elementor-element-60265ba elementor-widget-mobile__width-initial elementor-widget elementor-widget-image\" data-id=\"60265ba\" data-element_type=\"widget\" data-e-type=\"widget\" data-widget_type=\"image.default\">\n\t\t\t\t<div class=\"elementor-widget-container\">\n\t\t\t\t\t\t\t\t\t\t\t\t\t\t\t\t<a href=\"https:\/\/projetodiariamentemeamando.com\/index.php\/medicas\/\">\n\t\t\t\t\t\t\t<img fetchpriority=\"high\" decoding=\"async\" width=\"512\" height=\"512\" src=\"https:\/\/projetodiariamentemeamando.com\/wp-content\/uploads\/2024\/06\/cuidados-de-saude.png\" class=\"attachment-large size-large wp-image-411\" alt=\"\" srcset=\"https:\/\/projetodiariamentemeamando.com\/wp-content\/uploads\/2024\/06\/cuidados-de-saude.png 512w, https:\/\/projetodiariamentemeamando.com\/wp-content\/uploads\/2024\/06\/cuidados-de-saude-300x300.png 300w, https:\/\/projetodiariamentemeamando.com\/wp-content\/uploads\/2024\/06\/cuidados-de-saude-150x150.png 150w\" sizes=\"(max-width: 512px) 100vw, 512px\" \/>\t\t\t\t\t\t\t\t<\/a>\n\t\t\t\t\t\t\t\t\t\t\t\t\t\t\t<\/div>\n\t\t\t\t<\/div>\n\t\t\t\t<div class=\"elementor-element elementor-element-8ec1b64 elementor-widget elementor-widget-heading\" data-id=\"8ec1b64\" data-element_type=\"widget\" data-e-type=\"widget\" data-widget_type=\"heading.default\">\n\t\t\t\t<div class=\"elementor-widget-container\">\n\t\t\t\t\t<h2 class=\"elementor-heading-title elementor-size-default\"><a href=\"https:\/\/projetodiariamentemeamando.com\/index.php\/medicas\/\">M\u00e9dicas<\/a><\/h2>\t\t\t\t<\/div>\n\t\t\t\t<\/div>\n\t\t\t\t\t<\/div>\n\t\t\t\t<\/div>\n\t\t<div class=\"elementor-element elementor-element-41825a0 e-flex e-con-boxed e-con e-child\" data-id=\"41825a0\" data-element_type=\"container\" data-e-type=\"container\" data-settings=\"{&quot;background_background&quot;:&quot;classic&quot;}\">\n\t\t\t\t\t<div class=\"e-con-inner\">\n\t\t\t\t<div class=\"elementor-element elementor-element-3d74cfe elementor-widget-mobile__width-initial elementor-widget elementor-widget-image\" data-id=\"3d74cfe\" data-element_type=\"widget\" data-e-type=\"widget\" data-widget_type=\"image.default\">\n\t\t\t\t<div class=\"elementor-widget-container\">\n\t\t\t\t\t\t\t\t\t\t\t\t\t\t\t\t<a href=\"https:\/\/projetodiariamentemeamando.com\/index.php\/psicologas\/\">\n\t\t\t\t\t\t\t<img decoding=\"async\" width=\"512\" height=\"512\" src=\"https:\/\/projetodiariamentemeamando.com\/wp-content\/uploads\/2024\/05\/pesquisar.png\" class=\"attachment-large size-large wp-image-152\" alt=\"\" \/>\t\t\t\t\t\t\t\t<\/a>\n\t\t\t\t\t\t\t\t\t\t\t\t\t\t\t<\/div>\n\t\t\t\t<\/div>\n\t\t\t\t<div class=\"elementor-element elementor-element-aaed65a elementor-widget elementor-widget-heading\" data-id=\"aaed65a\" data-element_type=\"widget\" data-e-type=\"widget\" data-widget_type=\"heading.default\">\n\t\t\t\t<div class=\"elementor-widget-container\">\n\t\t\t\t\t<h2 class=\"elementor-heading-title elementor-size-default\"><a href=\"https:\/\/projetodiariamentemeamando.com\/index.php\/psicologas\/\">psic\u00f3logas<\/a><\/h2>\t\t\t\t<\/div>\n\t\t\t\t<\/div>\n\t\t\t\t\t<\/div>\n\t\t\t\t<\/div>\n\t\t<div class=\"elementor-element elementor-element-3ed8cd9 e-flex e-con-boxed e-con e-child\" data-id=\"3ed8cd9\" data-element_type=\"container\" data-e-type=\"container\" data-settings=\"{&quot;background_background&quot;:&quot;classic&quot;}\">\n\t\t\t\t\t<div class=\"e-con-inner\">\n\t\t\t\t<div class=\"elementor-element elementor-element-2d6ca6b elementor-widget-mobile__width-initial elementor-widget elementor-widget-image\" data-id=\"2d6ca6b\" data-element_type=\"widget\" data-e-type=\"widget\" data-widget_type=\"image.default\">\n\t\t\t\t<div class=\"elementor-widget-container\">\n\t\t\t\t\t\t\t\t\t\t\t\t\t\t\t\t<a href=\"https:\/\/projetodiariamentemeamando.com\/index.php\/educadorasfisicas\/\">\n\t\t\t\t\t\t\t<img decoding=\"async\" width=\"512\" height=\"512\" src=\"https:\/\/projetodiariamentemeamando.com\/wp-content\/uploads\/2024\/05\/cronograma-de-condicionamento-fisico.png\" class=\"attachment-large size-large wp-image-151\" alt=\"\" \/>\t\t\t\t\t\t\t\t<\/a>\n\t\t\t\t\t\t\t\t\t\t\t\t\t\t\t<\/div>\n\t\t\t\t<\/div>\n\t\t\t\t<div class=\"elementor-element elementor-element-26d8b39 elementor-widget elementor-widget-heading\" data-id=\"26d8b39\" data-element_type=\"widget\" data-e-type=\"widget\" data-widget_type=\"heading.default\">\n\t\t\t\t<div class=\"elementor-widget-container\">\n\t\t\t\t\t<h2 class=\"elementor-heading-title elementor-size-default\"><a href=\"https:\/\/projetodiariamentemeamando.com\/index.php\/educadorasfisicas\/\">treinadoras f\u00edsicas<\/a><\/h2>\t\t\t\t<\/div>\n\t\t\t\t<\/div>\n\t\t\t\t\t<\/div>\n\t\t\t\t<\/div>\n\t\t\t\t<\/div>\n\t\t\t\t\t<\/div>\n\t\t\t\t<\/div>\n\t\t<div class=\"elementor-element elementor-element-4ee8ea3 e-grid e-con-full e-con e-parent\" data-id=\"4ee8ea3\" data-element_type=\"container\" data-e-type=\"container\" data-settings=\"{&quot;background_background&quot;:&quot;classic&quot;}\">\n\t\t<div class=\"elementor-element elementor-element-33fd873 e-grid e-con-boxed e-con e-child\" data-id=\"33fd873\" data-element_type=\"container\" data-e-type=\"container\">\n\t\t\t\t\t<div class=\"e-con-inner\">\n\t\t\t\t<div class=\"elementor-element elementor-element-6d49bf3 elementor-widget__width-initial elementor-widget elementor-widget-image\" data-id=\"6d49bf3\" data-element_type=\"widget\" data-e-type=\"widget\" data-widget_type=\"image.default\">\n\t\t\t\t<div class=\"elementor-widget-container\">\n\t\t\t\t\t\t\t\t\t\t\t\t\t\t\t<img loading=\"lazy\" decoding=\"async\" width=\"250\" height=\"250\" src=\"https:\/\/projetodiariamentemeamando.com\/wp-content\/uploads\/2024\/05\/Projeto-diariamente-3.png\" class=\"attachment-large size-large wp-image-74\" alt=\"\" srcset=\"https:\/\/projetodiariamentemeamando.com\/wp-content\/uploads\/2024\/05\/Projeto-diariamente-3.png 250w, https:\/\/projetodiariamentemeamando.com\/wp-content\/uploads\/2024\/05\/Projeto-diariamente-3-150x150.png 150w, https:\/\/projetodiariamentemeamando.com\/wp-content\/uploads\/2024\/05\/Projeto-diariamente-3-145x145.png 145w\" sizes=\"(max-width: 250px) 100vw, 250px\" \/>\t\t\t\t\t\t\t\t\t\t\t\t\t\t\t<\/div>\n\t\t\t\t<\/div>\n\t\t\t\t<div class=\"elementor-element elementor-element-a18ce18 elementor-widget elementor-widget-text-editor\" data-id=\"a18ce18\" data-element_type=\"widget\" data-e-type=\"widget\" data-widget_type=\"text-editor.default\">\n\t\t\t\t<div class=\"elementor-widget-container\">\n\t\t\t\t\t\t\t\t\t<p>Desenvolvido por J\u00e9ssica Lopes<\/p>\t\t\t\t\t\t\t\t<\/div>\n\t\t\t\t<\/div>\n\t\t\t\t\t<\/div>\n\t\t\t\t<\/div>\n\t\t<div class=\"elementor-element elementor-element-6302b39 e-grid e-con-boxed e-con e-child\" data-id=\"6302b39\" data-element_type=\"container\" data-e-type=\"container\">\n\t\t\t\t\t<div class=\"e-con-inner\">\n\t\t\t\t<div class=\"elementor-element elementor-element-da86e99 elementor-widget elementor-widget-heading\" data-id=\"da86e99\" data-element_type=\"widget\" data-e-type=\"widget\" data-widget_type=\"heading.default\">\n\t\t\t\t<div class=\"elementor-widget-container\">\n\t\t\t\t\t<h2 class=\"elementor-heading-title elementor-size-default\">Acesse nossas redes:<\/h2>\t\t\t\t<\/div>\n\t\t\t\t<\/div>\n\t\t\t\t<div class=\"elementor-element elementor-element-92ca1d5 elementor-shape-rounded elementor-grid-0 e-grid-align-center elementor-widget elementor-widget-social-icons\" data-id=\"92ca1d5\" data-element_type=\"widget\" data-e-type=\"widget\" data-widget_type=\"social-icons.default\">\n\t\t\t\t<div class=\"elementor-widget-container\">\n\t\t\t\t\t\t\t<div class=\"elementor-social-icons-wrapper elementor-grid\" role=\"list\">\n\t\t\t\t\t\t\t<span class=\"elementor-grid-item\" role=\"listitem\">\n\t\t\t\t\t<a class=\"elementor-icon elementor-social-icon elementor-social-icon-whatsapp elementor-repeater-item-5295559\" href=\"https:\/\/wa.me\/message\/FM3K5YQUJUHDD1\" target=\"_blank\">\n\t\t\t\t\t\t<span class=\"elementor-screen-only\">Whatsapp<\/span>\n\t\t\t\t\t\t<svg aria-hidden=\"true\" class=\"e-font-icon-svg e-fab-whatsapp\" viewBox=\"0 0 448 512\" xmlns=\"http:\/\/www.w3.org\/2000\/svg\"><path d=\"M380.9 97.1C339 55.1 283.2 32 223.9 32c-122.4 0-222 99.6-222 222 0 39.1 10.2 77.3 29.6 111L0 480l117.7-30.9c32.4 17.7 68.9 27 106.1 27h.1c122.3 0 224.1-99.6 224.1-222 0-59.3-25.2-115-67.1-157zm-157 341.6c-33.2 0-65.7-8.9-94-25.7l-6.7-4-69.8 18.3L72 359.2l-4.4-7c-18.5-29.4-28.2-63.3-28.2-98.2 0-101.7 82.8-184.5 184.6-184.5 49.3 0 95.6 19.2 130.4 54.1 34.8 34.9 56.2 81.2 56.1 130.5 0 101.8-84.9 184.6-186.6 184.6zm101.2-138.2c-5.5-2.8-32.8-16.2-37.9-18-5.1-1.9-8.8-2.8-12.5 2.8-3.7 5.6-14.3 18-17.6 21.8-3.2 3.7-6.5 4.2-12 1.4-32.6-16.3-54-29.1-75.5-66-5.7-9.8 5.7-9.1 16.3-30.3 1.8-3.7.9-6.9-.5-9.7-1.4-2.8-12.5-30.1-17.1-41.2-4.5-10.8-9.1-9.3-12.5-9.5-3.2-.2-6.9-.2-10.6-.2-3.7 0-9.7 1.4-14.8 6.9-5.1 5.6-19.4 19-19.4 46.3 0 27.3 19.9 53.7 22.6 57.4 2.8 3.7 39.1 59.7 94.8 83.8 35.2 15.2 49 16.5 66.6 13.9 10.7-1.6 32.8-13.4 37.4-26.4 4.6-13 4.6-24.1 3.2-26.4-1.3-2.5-5-3.9-10.5-6.6z\"><\/path><\/svg>\t\t\t\t\t<\/a>\n\t\t\t\t<\/span>\n\t\t\t\t\t\t\t<span class=\"elementor-grid-item\" role=\"listitem\">\n\t\t\t\t\t<a class=\"elementor-icon elementor-social-icon elementor-social-icon-youtube elementor-repeater-item-65d5859\" href=\"https:\/\/youtube.com\/@projetodiariamentemeamando?si=ReQli_v-vfeYwh7w\" target=\"_blank\">\n\t\t\t\t\t\t<span class=\"elementor-screen-only\">Youtube<\/span>\n\t\t\t\t\t\t<svg aria-hidden=\"true\" class=\"e-font-icon-svg e-fab-youtube\" viewBox=\"0 0 576 512\" xmlns=\"http:\/\/www.w3.org\/2000\/svg\"><path d=\"M549.655 124.083c-6.281-23.65-24.787-42.276-48.284-48.597C458.781 64 288 64 288 64S117.22 64 74.629 75.486c-23.497 6.322-42.003 24.947-48.284 48.597-11.412 42.867-11.412 132.305-11.412 132.305s0 89.438 11.412 132.305c6.281 23.65 24.787 41.5 48.284 47.821C117.22 448 288 448 288 448s170.78 0 213.371-11.486c23.497-6.321 42.003-24.171 48.284-47.821 11.412-42.867 11.412-132.305 11.412-132.305s0-89.438-11.412-132.305zm-317.51 213.508V175.185l142.739 81.205-142.739 81.201z\"><\/path><\/svg>\t\t\t\t\t<\/a>\n\t\t\t\t<\/span>\n\t\t\t\t\t\t\t<span class=\"elementor-grid-item\" role=\"listitem\">\n\t\t\t\t\t<a class=\"elementor-icon elementor-social-icon elementor-social-icon-instagram elementor-repeater-item-f9a7262\" href=\"https:\/\/www.instagram.com\/projetodiariamentemeamando?igsh=eWxmZ2U1eTk5NWdx\" target=\"_blank\">\n\t\t\t\t\t\t<span class=\"elementor-screen-only\">Instagram<\/span>\n\t\t\t\t\t\t<svg aria-hidden=\"true\" class=\"e-font-icon-svg e-fab-instagram\" viewBox=\"0 0 448 512\" xmlns=\"http:\/\/www.w3.org\/2000\/svg\"><path d=\"M224.1 141c-63.6 0-114.9 51.3-114.9 114.9s51.3 114.9 114.9 114.9S339 319.5 339 255.9 287.7 141 224.1 141zm0 189.6c-41.1 0-74.7-33.5-74.7-74.7s33.5-74.7 74.7-74.7 74.7 33.5 74.7 74.7-33.6 74.7-74.7 74.7zm146.4-194.3c0 14.9-12 26.8-26.8 26.8-14.9 0-26.8-12-26.8-26.8s12-26.8 26.8-26.8 26.8 12 26.8 26.8zm76.1 27.2c-1.7-35.9-9.9-67.7-36.2-93.9-26.2-26.2-58-34.4-93.9-36.2-37-2.1-147.9-2.1-184.9 0-35.8 1.7-67.6 9.9-93.9 36.1s-34.4 58-36.2 93.9c-2.1 37-2.1 147.9 0 184.9 1.7 35.9 9.9 67.7 36.2 93.9s58 34.4 93.9 36.2c37 2.1 147.9 2.1 184.9 0 35.9-1.7 67.7-9.9 93.9-36.2 26.2-26.2 34.4-58 36.2-93.9 2.1-37 2.1-147.8 0-184.8zM398.8 388c-7.8 19.6-22.9 34.7-42.6 42.6-29.5 11.7-99.5 9-132.1 9s-102.7 2.6-132.1-9c-19.6-7.8-34.7-22.9-42.6-42.6-11.7-29.5-9-99.5-9-132.1s-2.6-102.7 9-132.1c7.8-19.6 22.9-34.7 42.6-42.6 29.5-11.7 99.5-9 132.1-9s102.7-2.6 132.1 9c19.6 7.8 34.7 22.9 42.6 42.6 11.7 29.5 9 99.5 9 132.1s2.7 102.7-9 132.1z\"><\/path><\/svg>\t\t\t\t\t<\/a>\n\t\t\t\t<\/span>\n\t\t\t\t\t<\/div>\n\t\t\t\t\t\t<\/div>\n\t\t\t\t<\/div>\n\t\t\t\t\t<\/div>\n\t\t\t\t<\/div>\n\t\t\t\t<\/div>\n\t\t\t\t<\/div>\n\t\t","protected":false},"excerpt":{"rendered":"<p>Desafio para perda de peso e controle de ansiedade &#8211; Estrutura do Desafio DURA\u00c7\u00c3O E METODOLOGIA Nosso desafio foi cuidadosamente<\/p>\n","protected":false},"author":1,"featured_media":793,"parent":543,"menu_order":0,"comment_status":"closed","ping_status":"closed","template":"","meta":{"colormag_page_container_layout":"default_layout","colormag_page_sidebar_layout":"default_layout","om_disable_all_campaigns":false,"_monsterinsights_skip_tracking":false,"_monsterinsights_sitenote_active":false,"_monsterinsights_sitenote_note":"","_monsterinsights_sitenote_category":0,"_uf_show_specific_survey":0,"_uf_disable_surveys":false,"_joinchat":[],"footnotes":""},"class_list":["post-791","page","type-page","status-publish","has-post-thumbnail","hentry"],"_links":{"self":[{"href":"https:\/\/projetodiariamentemeamando.com\/index.php\/wp-json\/wp\/v2\/pages\/791","targetHints":{"allow":["GET"]}}],"collection":[{"href":"https:\/\/projetodiariamentemeamando.com\/index.php\/wp-json\/wp\/v2\/pages"}],"about":[{"href":"https:\/\/projetodiariamentemeamando.com\/index.php\/wp-json\/wp\/v2\/types\/page"}],"author":[{"embeddable":true,"href":"https:\/\/projetodiariamentemeamando.com\/index.php\/wp-json\/wp\/v2\/users\/1"}],"replies":[{"embeddable":true,"href":"https:\/\/projetodiariamentemeamando.com\/index.php\/wp-json\/wp\/v2\/comments?post=791"}],"version-history":[{"count":8,"href":"https:\/\/projetodiariamentemeamando.com\/index.php\/wp-json\/wp\/v2\/pages\/791\/revisions"}],"predecessor-version":[{"id":802,"href":"https:\/\/projetodiariamentemeamando.com\/index.php\/wp-json\/wp\/v2\/pages\/791\/revisions\/802"}],"up":[{"embeddable":true,"href":"https:\/\/projetodiariamentemeamando.com\/index.php\/wp-json\/wp\/v2\/pages\/543"}],"wp:featuredmedia":[{"embeddable":true,"href":"https:\/\/projetodiariamentemeamando.com\/index.php\/wp-json\/wp\/v2\/media\/793"}],"wp:attachment":[{"href":"https:\/\/projetodiariamentemeamando.com\/index.php\/wp-json\/wp\/v2\/media?parent=791"}],"curies":[{"name":"wp","href":"https:\/\/api.w.org\/{rel}","templated":true}]}}