{"id":778,"date":"2024-07-01T15:17:52","date_gmt":"2024-07-01T18:17:52","guid":{"rendered":"https:\/\/projetodiariamentemeamando.com\/?page_id=778"},"modified":"2024-09-17T07:49:40","modified_gmt":"2024-09-17T10:49:40","slug":"yoga-e-autodescoberta-boas-vindas","status":"publish","type":"page","link":"https:\/\/projetodiariamentemeamando.com\/index.php\/pagina-exemplo\/educadorasfisicas\/aulas-particulares-de-mat-pilates-e-yoga\/yoga-e-autodescoberta-boas-vindas\/","title":{"rendered":"Yoga e Autodescoberta &#8211; Boas vindas!"},"content":{"rendered":"\t\t<div data-elementor-type=\"wp-page\" data-elementor-id=\"778\" class=\"elementor elementor-778\">\n\t\t\t\t<div class=\"elementor-element elementor-element-2baaf9a e-flex e-con-boxed e-con e-parent\" data-id=\"2baaf9a\" data-element_type=\"container\" data-e-type=\"container\">\n\t\t\t\t\t<div class=\"e-con-inner\">\n\t\t\t\t<div class=\"elementor-element elementor-element-fef375e elementor-widget elementor-widget-heading\" data-id=\"fef375e\" data-element_type=\"widget\" data-e-type=\"widget\" data-widget_type=\"heading.default\">\n\t\t\t\t<div class=\"elementor-widget-container\">\n\t\t\t\t\t<h2 class=\"elementor-heading-title elementor-size-default\">APRESENTA\u00c7\u00c3O Da rotina E SEUS OBJETIVOS\n<\/h2>\t\t\t\t<\/div>\n\t\t\t\t<\/div>\n\t\t\t\t<div class=\"elementor-element elementor-element-114429c elementor-widget-divider--separator-type-pattern elementor-widget-divider--view-line elementor-widget elementor-widget-divider\" data-id=\"114429c\" data-element_type=\"widget\" data-e-type=\"widget\" data-widget_type=\"divider.default\">\n\t\t\t\t<div class=\"elementor-widget-container\">\n\t\t\t\t\t\t\t<div class=\"elementor-divider\" style=\"--divider-pattern-url: url(&quot;data:image\/svg+xml,%3Csvg xmlns=&#039;http:\/\/www.w3.org\/2000\/svg&#039; preserveAspectRatio=&#039;none&#039; overflow=&#039;visible&#039; height=&#039;100%&#039; viewBox=&#039;0 0 24 24&#039; fill=&#039;none&#039; stroke=&#039;black&#039; stroke-width=&#039;2.5&#039; stroke-linecap=&#039;square&#039; stroke-miterlimit=&#039;10&#039;%3E%3Cpath d=&#039;M0,6c6,0,6,13,12,13S18,6,24,6&#039;\/%3E%3C\/svg%3E&quot;);\">\n\t\t\t<span class=\"elementor-divider-separator\">\n\t\t\t\t\t\t<\/span>\n\t\t<\/div>\n\t\t\t\t\t\t<\/div>\n\t\t\t\t<\/div>\n\t\t\t\t<div class=\"elementor-element elementor-element-ec8f347 elementor-widget elementor-widget-text-editor\" data-id=\"ec8f347\" data-element_type=\"widget\" data-e-type=\"widget\" data-widget_type=\"text-editor.default\">\n\t\t\t\t<div class=\"elementor-widget-container\">\n\t\t\t\t\t\t\t\t\t<h3><span style=\"font-family: ABeeZee; font-size: 15px; color: var( --e-global-color-text ); text-align: var(--text-align);\">Ol\u00e1 e seja muito bem-vinda a nossa\u00a0<\/span><span style=\"font-family: ABeeZee; font-size: 15px; color: var( --e-global-color-text ); text-align: var(--text-align);\"><b>Rotina de, Yoga e Autodescoberta &#8211; Boas vindas!<\/b><\/span><\/h3><p>Estou muito feliz por voc\u00ea decidir embarcar nesta jornada transformadora. Meu nome \u00e9 J\u00e9ssica, e estarei ao seu lado durante todo o processo, oferecendo suporte, dicas e motiva\u00e7\u00e3o para que voc\u00ea alcance seus objetivos.<\/p><p>Este desafio foi cuidadosamente elaborado para ajudar voc\u00ea a:<\/p><ul><li><strong>Controlar a ansiedade: <\/strong>com\u00a0pr\u00e1ticas de medita\u00e7\u00e3o e t\u00e9cnicas de relaxamento, voc\u00ea desenvolver\u00e1 ferramentas para gerenciar o estresse e a ansiedade do dia a dia.<\/li><li><strong>Aumentar sua disposi\u00e7\u00e3o e energia: <\/strong>as\u00a0atividades propostas ir\u00e3o melhorar sua condi\u00e7\u00e3o f\u00edsica e mental, proporcionando mais energia para enfrentar os desafios di\u00e1rios.<\/li><li><strong>Desenvolver uma rotina de autocuidado: <\/strong>voc\u00ea\u00a0aprender\u00e1 a import\u00e2ncia de cuidar de si mesma, criando uma rotina que promove bem-estar e equil\u00edbrio.<\/li><\/ul><p><span style=\"font-weight: 400;\">Quero que voc\u00ea saiba que est\u00e1 dando um passo muito importante em dire\u00e7\u00e3o a uma vida mais saud\u00e1vel e equilibrada. A jornada pode ter seus desafios, mas cada pequeno esfor\u00e7o que voc\u00ea fizer ser\u00e1 recompensado com resultados incr\u00edveis.<\/span><\/p>\t\t\t\t\t\t\t\t<\/div>\n\t\t\t\t<\/div>\n\t\t\t\t\t<\/div>\n\t\t\t\t<\/div>\n\t\t<div class=\"elementor-element elementor-element-e7e2b11 e-flex e-con-boxed e-con e-parent\" data-id=\"e7e2b11\" data-element_type=\"container\" data-e-type=\"container\" data-settings=\"{&quot;background_background&quot;:&quot;classic&quot;}\">\n\t\t\t\t\t<div class=\"e-con-inner\">\n\t\t\t\t<div class=\"elementor-element elementor-element-a9f87b0 elementor-widget elementor-widget-heading\" data-id=\"a9f87b0\" data-element_type=\"widget\" data-e-type=\"widget\" data-widget_type=\"heading.default\">\n\t\t\t\t<div class=\"elementor-widget-container\">\n\t\t\t\t\t<h2 class=\"elementor-heading-title elementor-size-default\">Lembre-se sempre de que:\n<\/h2>\t\t\t\t<\/div>\n\t\t\t\t<\/div>\n\t\t\t\t<div class=\"elementor-element elementor-element-32ad8cf elementor-widget-divider--separator-type-pattern elementor-widget-divider--view-line elementor-widget elementor-widget-divider\" data-id=\"32ad8cf\" data-element_type=\"widget\" data-e-type=\"widget\" data-widget_type=\"divider.default\">\n\t\t\t\t<div class=\"elementor-widget-container\">\n\t\t\t\t\t\t\t<div class=\"elementor-divider\" style=\"--divider-pattern-url: url(&quot;data:image\/svg+xml,%3Csvg xmlns=&#039;http:\/\/www.w3.org\/2000\/svg&#039; preserveAspectRatio=&#039;none&#039; overflow=&#039;visible&#039; height=&#039;100%&#039; viewBox=&#039;0 0 24 24&#039; fill=&#039;none&#039; stroke=&#039;black&#039; stroke-width=&#039;2.5&#039; stroke-linecap=&#039;square&#039; stroke-miterlimit=&#039;10&#039;%3E%3Cpath d=&#039;M0,6c6,0,6,13,12,13S18,6,24,6&#039;\/%3E%3C\/svg%3E&quot;);\">\n\t\t\t<span class=\"elementor-divider-separator\">\n\t\t\t\t\t\t<\/span>\n\t\t<\/div>\n\t\t\t\t\t\t<\/div>\n\t\t\t\t<\/div>\n\t\t\t\t\t<\/div>\n\t\t\t\t<\/div>\n\t\t<div class=\"elementor-element elementor-element-e05632f e-flex e-con-boxed e-con e-parent\" data-id=\"e05632f\" data-element_type=\"container\" data-e-type=\"container\">\n\t\t\t\t\t<div class=\"e-con-inner\">\n\t\t\t\t<div class=\"elementor-element elementor-element-662556a elementor-widget elementor-widget-text-editor\" data-id=\"662556a\" data-element_type=\"widget\" data-e-type=\"widget\" data-widget_type=\"text-editor.default\">\n\t\t\t\t<div class=\"elementor-widget-container\">\n\t\t\t\t\t\t\t\t\t<p><span style=\"font-weight: 400;\">\u2014 Voc\u00ea \u00e9 capaz: acredite na sua capacidade de transforma\u00e7\u00e3o. Cada dia \u00e9 uma nova oportunidade para se aproximar dos seus objetivos.<\/span><\/p><p><span style=\"font-weight: 400;\">\u2014 Voc\u00ea n\u00e3o est\u00e1 sozinha: estou aqui para apoiar voc\u00ea em cada passo do caminho. Juntas, proponho superarmos qualquer obst\u00e1culo.<\/span><\/p><p><span style=\"font-weight: 400;\">\u2014 Pequenas mudan\u00e7as fazem grandes diferen\u00e7as: n\u00e3o subestime o poder das pequenas a\u00e7\u00f5es di\u00e1rias. Elas se somam e criam um impacto significativo ao longo do tempo.<\/span><\/p><h3>FERRAMENTAS ESSENCIAIS PARA O DESAFIO<\/h3><div><p><span style=\"font-weight: 400;\">\u00c9 indispens\u00e1vel o uso de um di\u00e1rio para anotar suas metas, pensamentos e reflex\u00f5es di\u00e1rias. Este h\u00e1bito n\u00e3o s\u00f3 ajudar\u00e1 a manter voc\u00ea focada, mas tamb\u00e9m permitir\u00e1 que voc\u00ea observe seu crescimento ao longo do tempo. Sugiro que voc\u00ea separe um lugar sagrado para suas praticas, crie um local que te acolha no seu momento de cuidado. Caso tenha qualquer d\u00favida ou obje\u00e7\u00e3o, n\u00e3o hesite em me mandar uma mensagem. Estou aqui para ajudar voc\u00ea em cada passo dessa jornada!\u00a0<\/span><\/p><\/div><p><span style=\"font-weight: 400;\">\u00a0<\/span><\/p><p><span style=\"font-weight: 400;\">\u00a0<\/span><\/p><p><span style=\"font-weight: 400;\">\u00a0<\/span><\/p>\t\t\t\t\t\t\t\t<\/div>\n\t\t\t\t<\/div>\n\t\t\t\t\t<\/div>\n\t\t\t\t<\/div>\n\t\t<div class=\"elementor-element elementor-element-4ee8ea3 e-grid e-con-full e-con e-parent\" data-id=\"4ee8ea3\" data-element_type=\"container\" data-e-type=\"container\" data-settings=\"{&quot;background_background&quot;:&quot;classic&quot;}\">\n\t\t<div class=\"elementor-element elementor-element-33fd873 e-grid e-con-boxed e-con e-child\" data-id=\"33fd873\" data-element_type=\"container\" data-e-type=\"container\">\n\t\t\t\t\t<div class=\"e-con-inner\">\n\t\t\t\t<div class=\"elementor-element elementor-element-6d49bf3 elementor-widget__width-initial elementor-widget elementor-widget-image\" data-id=\"6d49bf3\" data-element_type=\"widget\" data-e-type=\"widget\" data-widget_type=\"image.default\">\n\t\t\t\t<div class=\"elementor-widget-container\">\n\t\t\t\t\t\t\t\t\t\t\t\t\t\t\t<img fetchpriority=\"high\" decoding=\"async\" width=\"250\" height=\"250\" src=\"https:\/\/projetodiariamentemeamando.com\/wp-content\/uploads\/2024\/05\/Projeto-diariamente-3.png\" class=\"attachment-large size-large wp-image-74\" alt=\"\" srcset=\"https:\/\/projetodiariamentemeamando.com\/wp-content\/uploads\/2024\/05\/Projeto-diariamente-3.png 250w, https:\/\/projetodiariamentemeamando.com\/wp-content\/uploads\/2024\/05\/Projeto-diariamente-3-150x150.png 150w, https:\/\/projetodiariamentemeamando.com\/wp-content\/uploads\/2024\/05\/Projeto-diariamente-3-145x145.png 145w\" sizes=\"(max-width: 250px) 100vw, 250px\" \/>\t\t\t\t\t\t\t\t\t\t\t\t\t\t\t<\/div>\n\t\t\t\t<\/div>\n\t\t\t\t<div class=\"elementor-element elementor-element-a18ce18 elementor-widget elementor-widget-text-editor\" data-id=\"a18ce18\" data-element_type=\"widget\" data-e-type=\"widget\" data-widget_type=\"text-editor.default\">\n\t\t\t\t<div class=\"elementor-widget-container\">\n\t\t\t\t\t\t\t\t\t<p>Desenvolvido por J\u00e9ssica Lopes<\/p>\t\t\t\t\t\t\t\t<\/div>\n\t\t\t\t<\/div>\n\t\t\t\t\t<\/div>\n\t\t\t\t<\/div>\n\t\t<div class=\"elementor-element elementor-element-6302b39 e-grid e-con-boxed e-con e-child\" data-id=\"6302b39\" data-element_type=\"container\" data-e-type=\"container\">\n\t\t\t\t\t<div class=\"e-con-inner\">\n\t\t\t\t<div class=\"elementor-element elementor-element-da86e99 elementor-widget elementor-widget-heading\" data-id=\"da86e99\" data-element_type=\"widget\" data-e-type=\"widget\" data-widget_type=\"heading.default\">\n\t\t\t\t<div class=\"elementor-widget-container\">\n\t\t\t\t\t<h2 class=\"elementor-heading-title elementor-size-default\">Acesse nossas redes:<\/h2>\t\t\t\t<\/div>\n\t\t\t\t<\/div>\n\t\t\t\t<div class=\"elementor-element elementor-element-92ca1d5 elementor-shape-rounded elementor-grid-0 e-grid-align-center elementor-widget elementor-widget-social-icons\" data-id=\"92ca1d5\" data-element_type=\"widget\" data-e-type=\"widget\" data-widget_type=\"social-icons.default\">\n\t\t\t\t<div class=\"elementor-widget-container\">\n\t\t\t\t\t\t\t<div class=\"elementor-social-icons-wrapper elementor-grid\" role=\"list\">\n\t\t\t\t\t\t\t<span class=\"elementor-grid-item\" role=\"listitem\">\n\t\t\t\t\t<a class=\"elementor-icon elementor-social-icon elementor-social-icon-whatsapp elementor-repeater-item-5295559\" href=\"https:\/\/wa.me\/message\/FM3K5YQUJUHDD1\" target=\"_blank\">\n\t\t\t\t\t\t<span class=\"elementor-screen-only\">Whatsapp<\/span>\n\t\t\t\t\t\t<svg aria-hidden=\"true\" class=\"e-font-icon-svg e-fab-whatsapp\" viewBox=\"0 0 448 512\" xmlns=\"http:\/\/www.w3.org\/2000\/svg\"><path d=\"M380.9 97.1C339 55.1 283.2 32 223.9 32c-122.4 0-222 99.6-222 222 0 39.1 10.2 77.3 29.6 111L0 480l117.7-30.9c32.4 17.7 68.9 27 106.1 27h.1c122.3 0 224.1-99.6 224.1-222 0-59.3-25.2-115-67.1-157zm-157 341.6c-33.2 0-65.7-8.9-94-25.7l-6.7-4-69.8 18.3L72 359.2l-4.4-7c-18.5-29.4-28.2-63.3-28.2-98.2 0-101.7 82.8-184.5 184.6-184.5 49.3 0 95.6 19.2 130.4 54.1 34.8 34.9 56.2 81.2 56.1 130.5 0 101.8-84.9 184.6-186.6 184.6zm101.2-138.2c-5.5-2.8-32.8-16.2-37.9-18-5.1-1.9-8.8-2.8-12.5 2.8-3.7 5.6-14.3 18-17.6 21.8-3.2 3.7-6.5 4.2-12 1.4-32.6-16.3-54-29.1-75.5-66-5.7-9.8 5.7-9.1 16.3-30.3 1.8-3.7.9-6.9-.5-9.7-1.4-2.8-12.5-30.1-17.1-41.2-4.5-10.8-9.1-9.3-12.5-9.5-3.2-.2-6.9-.2-10.6-.2-3.7 0-9.7 1.4-14.8 6.9-5.1 5.6-19.4 19-19.4 46.3 0 27.3 19.9 53.7 22.6 57.4 2.8 3.7 39.1 59.7 94.8 83.8 35.2 15.2 49 16.5 66.6 13.9 10.7-1.6 32.8-13.4 37.4-26.4 4.6-13 4.6-24.1 3.2-26.4-1.3-2.5-5-3.9-10.5-6.6z\"><\/path><\/svg>\t\t\t\t\t<\/a>\n\t\t\t\t<\/span>\n\t\t\t\t\t\t\t<span class=\"elementor-grid-item\" role=\"listitem\">\n\t\t\t\t\t<a class=\"elementor-icon elementor-social-icon elementor-social-icon-youtube elementor-repeater-item-65d5859\" href=\"https:\/\/youtube.com\/@projetodiariamentemeamando?si=ReQli_v-vfeYwh7w\" target=\"_blank\">\n\t\t\t\t\t\t<span class=\"elementor-screen-only\">Youtube<\/span>\n\t\t\t\t\t\t<svg aria-hidden=\"true\" class=\"e-font-icon-svg e-fab-youtube\" viewBox=\"0 0 576 512\" xmlns=\"http:\/\/www.w3.org\/2000\/svg\"><path d=\"M549.655 124.083c-6.281-23.65-24.787-42.276-48.284-48.597C458.781 64 288 64 288 64S117.22 64 74.629 75.486c-23.497 6.322-42.003 24.947-48.284 48.597-11.412 42.867-11.412 132.305-11.412 132.305s0 89.438 11.412 132.305c6.281 23.65 24.787 41.5 48.284 47.821C117.22 448 288 448 288 448s170.78 0 213.371-11.486c23.497-6.321 42.003-24.171 48.284-47.821 11.412-42.867 11.412-132.305 11.412-132.305s0-89.438-11.412-132.305zm-317.51 213.508V175.185l142.739 81.205-142.739 81.201z\"><\/path><\/svg>\t\t\t\t\t<\/a>\n\t\t\t\t<\/span>\n\t\t\t\t\t\t\t<span class=\"elementor-grid-item\" role=\"listitem\">\n\t\t\t\t\t<a class=\"elementor-icon elementor-social-icon elementor-social-icon-instagram elementor-repeater-item-f9a7262\" href=\"https:\/\/www.instagram.com\/projetodiariamentemeamando?igsh=eWxmZ2U1eTk5NWdx\" target=\"_blank\">\n\t\t\t\t\t\t<span class=\"elementor-screen-only\">Instagram<\/span>\n\t\t\t\t\t\t<svg aria-hidden=\"true\" class=\"e-font-icon-svg e-fab-instagram\" viewBox=\"0 0 448 512\" xmlns=\"http:\/\/www.w3.org\/2000\/svg\"><path d=\"M224.1 141c-63.6 0-114.9 51.3-114.9 114.9s51.3 114.9 114.9 114.9S339 319.5 339 255.9 287.7 141 224.1 141zm0 189.6c-41.1 0-74.7-33.5-74.7-74.7s33.5-74.7 74.7-74.7 74.7 33.5 74.7 74.7-33.6 74.7-74.7 74.7zm146.4-194.3c0 14.9-12 26.8-26.8 26.8-14.9 0-26.8-12-26.8-26.8s12-26.8 26.8-26.8 26.8 12 26.8 26.8zm76.1 27.2c-1.7-35.9-9.9-67.7-36.2-93.9-26.2-26.2-58-34.4-93.9-36.2-37-2.1-147.9-2.1-184.9 0-35.8 1.7-67.6 9.9-93.9 36.1s-34.4 58-36.2 93.9c-2.1 37-2.1 147.9 0 184.9 1.7 35.9 9.9 67.7 36.2 93.9s58 34.4 93.9 36.2c37 2.1 147.9 2.1 184.9 0 35.9-1.7 67.7-9.9 93.9-36.2 26.2-26.2 34.4-58 36.2-93.9 2.1-37 2.1-147.8 0-184.8zM398.8 388c-7.8 19.6-22.9 34.7-42.6 42.6-29.5 11.7-99.5 9-132.1 9s-102.7 2.6-132.1-9c-19.6-7.8-34.7-22.9-42.6-42.6-11.7-29.5-9-99.5-9-132.1s-2.6-102.7 9-132.1c7.8-19.6 22.9-34.7 42.6-42.6 29.5-11.7 99.5-9 132.1-9s102.7-2.6 132.1 9c19.6 7.8 34.7 22.9 42.6 42.6 11.7 29.5 9 99.5 9 132.1s2.7 102.7-9 132.1z\"><\/path><\/svg>\t\t\t\t\t<\/a>\n\t\t\t\t<\/span>\n\t\t\t\t\t<\/div>\n\t\t\t\t\t\t<\/div>\n\t\t\t\t<\/div>\n\t\t\t\t\t<\/div>\n\t\t\t\t<\/div>\n\t\t\t\t<\/div>\n\t\t\t\t<\/div>\n\t\t","protected":false},"excerpt":{"rendered":"<p>APRESENTA\u00c7\u00c3O Da rotina E SEUS OBJETIVOS Ol\u00e1 e seja muito bem-vinda a nossa\u00a0Rotina de, Yoga e Autodescoberta &#8211; Boas vindas!<\/p>\n","protected":false},"author":1,"featured_media":912,"parent":543,"menu_order":0,"comment_status":"closed","ping_status":"closed","template":"","meta":{"colormag_page_container_layout":"default_layout","colormag_page_sidebar_layout":"default_layout","om_disable_all_campaigns":false,"_monsterinsights_skip_tracking":false,"_monsterinsights_sitenote_active":false,"_monsterinsights_sitenote_note":"","_monsterinsights_sitenote_category":0,"_uf_show_specific_survey":0,"_uf_disable_surveys":false,"_joinchat":[],"footnotes":""},"class_list":["post-778","page","type-page","status-publish","has-post-thumbnail","hentry"],"_links":{"self":[{"href":"https:\/\/projetodiariamentemeamando.com\/index.php\/wp-json\/wp\/v2\/pages\/778","targetHints":{"allow":["GET"]}}],"collection":[{"href":"https:\/\/projetodiariamentemeamando.com\/index.php\/wp-json\/wp\/v2\/pages"}],"about":[{"href":"https:\/\/projetodiariamentemeamando.com\/index.php\/wp-json\/wp\/v2\/types\/page"}],"author":[{"embeddable":true,"href":"https:\/\/projetodiariamentemeamando.com\/index.php\/wp-json\/wp\/v2\/users\/1"}],"replies":[{"embeddable":true,"href":"https:\/\/projetodiariamentemeamando.com\/index.php\/wp-json\/wp\/v2\/comments?post=778"}],"version-history":[{"count":25,"href":"https:\/\/projetodiariamentemeamando.com\/index.php\/wp-json\/wp\/v2\/pages\/778\/revisions"}],"predecessor-version":[{"id":1312,"href":"https:\/\/projetodiariamentemeamando.com\/index.php\/wp-json\/wp\/v2\/pages\/778\/revisions\/1312"}],"up":[{"embeddable":true,"href":"https:\/\/projetodiariamentemeamando.com\/index.php\/wp-json\/wp\/v2\/pages\/543"}],"wp:featuredmedia":[{"embeddable":true,"href":"https:\/\/projetodiariamentemeamando.com\/index.php\/wp-json\/wp\/v2\/media\/912"}],"wp:attachment":[{"href":"https:\/\/projetodiariamentemeamando.com\/index.php\/wp-json\/wp\/v2\/media?parent=778"}],"curies":[{"name":"wp","href":"https:\/\/api.w.org\/{rel}","templated":true}]}}